{"id":155,"date":"2024-10-11T15:11:01","date_gmt":"2024-10-11T13:11:01","guid":{"rendered":"http:\/\/www.medinbreizhconseil.fr\/?page_id=155"},"modified":"2024-10-14T14:03:49","modified_gmt":"2024-10-14T12:03:49","slug":"questionnaire","status":"publish","type":"page","link":"https:\/\/www.medinbreizhconseil.fr\/index.php\/questionnaire\/","title":{"rendered":"Questionnaire"},"content":{"rendered":"\t\t<div data-elementor-type=\"wp-page\" data-elementor-id=\"155\" class=\"elementor elementor-155\">\n\t\t\t\t<div class=\"elementor-element elementor-element-ad8f0b9 e-flex e-con-boxed e-con e-parent\" data-id=\"ad8f0b9\" data-element_type=\"container\" data-e-type=\"container\">\n\t\t\t\t\t<div class=\"e-con-inner\">\n\t\t\t\t<div class=\"elementor-element elementor-element-0245ddf elementor-widget elementor-widget-spacer\" data-id=\"0245ddf\" data-element_type=\"widget\" data-e-type=\"widget\" data-widget_type=\"spacer.default\">\n\t\t\t\t<div class=\"elementor-widget-container\">\n\t\t\t\t\t\t\t<div class=\"elementor-spacer\">\n\t\t\t<div class=\"elementor-spacer-inner\"><\/div>\n\t\t<\/div>\n\t\t\t\t\t\t<\/div>\n\t\t\t\t<\/div>\n\t\t\t\t\t<\/div>\n\t\t\t\t<\/div>\n\t\t<div class=\"elementor-element elementor-element-4fa51bc e-flex e-con-boxed e-con e-parent\" data-id=\"4fa51bc\" data-element_type=\"container\" data-e-type=\"container\">\n\t\t\t\t\t<div class=\"e-con-inner\">\n\t\t\t\t<div class=\"elementor-element elementor-element-9602467 elementor-widget elementor-widget-heading\" data-id=\"9602467\" data-element_type=\"widget\" data-e-type=\"widget\" data-widget_type=\"heading.default\">\n\t\t\t\t<div class=\"elementor-widget-container\">\n\t\t\t\t\t<h2 class=\"elementor-heading-title elementor-size-default\">Soumettez votre projet de dispositif m\u00e9dical pour une \u00e9valuation personnalis\u00e9e <\/h2>\t\t\t\t<\/div>\n\t\t\t\t<\/div>\n\t\t\t\t\t<\/div>\n\t\t\t\t<\/div>\n\t\t<div class=\"elementor-element elementor-element-9dcc47b e-flex e-con-boxed e-con e-parent\" data-id=\"9dcc47b\" data-element_type=\"container\" data-e-type=\"container\">\n\t\t\t\t\t<div class=\"e-con-inner\">\n\t\t\t\t<div class=\"elementor-element elementor-element-bc9a9f9 elementor-widget elementor-widget-html\" data-id=\"bc9a9f9\" data-element_type=\"widget\" data-e-type=\"widget\" data-widget_type=\"html.default\">\n\t\t\t\t<div class=\"elementor-widget-container\">\n\t\t\t\t\t<iframe src=\"https:\/\/docs.google.com\/forms\/d\/e\/1FAIpQLScszfS4I5nJLqd8cwLZGRS-T0-wal4Azi-gMpBPgCP15SZKQg\/viewform?embedded=true\" width=\"640\" height=\"1085\" frameborder=\"0\" marginheight=\"0\" marginwidth=\"0\">Chargement\u2026<\/iframe>\t\t\t\t<\/div>\n\t\t\t\t<\/div>\n\t\t\t\t\t<\/div>\n\t\t\t\t<\/div>\n\t\t\t\t<\/div>\n\t\t","protected":false},"excerpt":{"rendered":"<p>Soumettez votre projet de dispositif m\u00e9dical pour une \u00e9valuation personnalis\u00e9e Chargement\u2026<\/p>\n","protected":false},"author":1,"featured_media":0,"parent":0,"menu_order":0,"comment_status":"closed","ping_status":"closed","template":"","meta":{"om_disable_all_campaigns":false,"_monsterinsights_skip_tracking":false,"_monsterinsights_sitenote_active":false,"_monsterinsights_sitenote_note":"","_monsterinsights_sitenote_category":0,"_uf_show_specific_survey":0,"_uf_disable_surveys":false,"footnotes":""},"class_list":["post-155","page","type-page","status-publish","hentry"],"yoast_head":"<!-- This site is optimized with the Yoast SEO plugin v27.4 - https:\/\/yoast.com\/product\/yoast-seo-wordpress\/ -->\n<title>Questionnaire - Med in Breizh conseil<\/title>\n<meta name=\"description\" content=\"Soumettez votre projet de dispositif m\u00e9dical pour une \u00e9valuation personnalis\u00e9e. Remplissez notre questionnaire en ligne pour recevoir des conseils d\u2019experts sur le d\u00e9veloppement et la certification de votre dispositif m\u00e9dical.\" \/>\n<meta name=\"robots\" content=\"index, follow, max-snippet:-1, max-image-preview:large, max-video-preview:-1\" \/>\n<link rel=\"canonical\" href=\"https:\/\/www.medinbreizhconseil.fr\/index.php\/questionnaire\/\" \/>\n<meta property=\"og:locale\" content=\"fr_FR\" \/>\n<meta property=\"og:type\" content=\"article\" \/>\n<meta property=\"og:title\" content=\"Questionnaire - Med in Breizh conseil\" \/>\n<meta property=\"og:description\" content=\"Soumettez votre projet de dispositif m\u00e9dical pour une \u00e9valuation personnalis\u00e9e. Remplissez notre questionnaire en ligne pour recevoir des conseils d\u2019experts sur le d\u00e9veloppement et la certification de votre dispositif m\u00e9dical.\" \/>\n<meta property=\"og:url\" content=\"https:\/\/www.medinbreizhconseil.fr\/index.php\/questionnaire\/\" \/>\n<meta property=\"og:site_name\" content=\"Med in Breizh conseil\" \/>\n<meta property=\"article:modified_time\" content=\"2024-10-14T12:03:49+00:00\" \/>\n<meta property=\"og:image\" content=\"https:\/\/www.medinbreizhconseil.fr\/wp-content\/uploads\/2024\/10\/cropped-AMPOULE-BLEU-scaled-1.jpg\" \/>\n\t<meta property=\"og:image:width\" content=\"512\" \/>\n\t<meta property=\"og:image:height\" content=\"512\" \/>\n\t<meta property=\"og:image:type\" content=\"image\/jpeg\" \/>\n<meta name=\"twitter:card\" content=\"summary_large_image\" \/>\n<meta name=\"twitter:label1\" content=\"Dur\u00e9e de lecture estim\u00e9e\" \/>\n\t<meta name=\"twitter:data1\" content=\"1 minute\" \/>\n<script type=\"application\/ld+json\" class=\"yoast-schema-graph\">{\"@context\":\"https:\\\/\\\/schema.org\",\"@graph\":[{\"@type\":\"WebPage\",\"@id\":\"https:\\\/\\\/www.medinbreizhconseil.fr\\\/index.php\\\/questionnaire\\\/\",\"url\":\"https:\\\/\\\/www.medinbreizhconseil.fr\\\/index.php\\\/questionnaire\\\/\",\"name\":\"Questionnaire - Med in Breizh conseil\",\"isPartOf\":{\"@id\":\"https:\\\/\\\/www.medinbreizhconseil.fr\\\/#website\"},\"datePublished\":\"2024-10-11T13:11:01+00:00\",\"dateModified\":\"2024-10-14T12:03:49+00:00\",\"description\":\"Soumettez votre projet de dispositif m\u00e9dical pour une \u00e9valuation personnalis\u00e9e. Remplissez notre questionnaire en ligne pour recevoir des conseils d\u2019experts sur le d\u00e9veloppement et la certification de votre dispositif m\u00e9dical.\",\"breadcrumb\":{\"@id\":\"https:\\\/\\\/www.medinbreizhconseil.fr\\\/index.php\\\/questionnaire\\\/#breadcrumb\"},\"inLanguage\":\"fr-FR\",\"potentialAction\":[{\"@type\":\"ReadAction\",\"target\":[\"https:\\\/\\\/www.medinbreizhconseil.fr\\\/index.php\\\/questionnaire\\\/\"]}]},{\"@type\":\"BreadcrumbList\",\"@id\":\"https:\\\/\\\/www.medinbreizhconseil.fr\\\/index.php\\\/questionnaire\\\/#breadcrumb\",\"itemListElement\":[{\"@type\":\"ListItem\",\"position\":1,\"name\":\"Accueil\",\"item\":\"https:\\\/\\\/www.medinbreizhconseil.fr\\\/\"},{\"@type\":\"ListItem\",\"position\":2,\"name\":\"Questionnaire\"}]},{\"@type\":\"WebSite\",\"@id\":\"https:\\\/\\\/www.medinbreizhconseil.fr\\\/#website\",\"url\":\"https:\\\/\\\/www.medinbreizhconseil.fr\\\/\",\"name\":\"Med In Breizh Conseil\",\"description\":\"Boostez votre Innovation M\u00e9dicale avec Med In Breizh Conseil\",\"publisher\":{\"@id\":\"https:\\\/\\\/www.medinbreizhconseil.fr\\\/#organization\"},\"alternateName\":\"Med In Breizh Conseil\",\"potentialAction\":[{\"@type\":\"SearchAction\",\"target\":{\"@type\":\"EntryPoint\",\"urlTemplate\":\"https:\\\/\\\/www.medinbreizhconseil.fr\\\/?s={search_term_string}\"},\"query-input\":{\"@type\":\"PropertyValueSpecification\",\"valueRequired\":true,\"valueName\":\"search_term_string\"}}],\"inLanguage\":\"fr-FR\"},{\"@type\":\"Organization\",\"@id\":\"https:\\\/\\\/www.medinbreizhconseil.fr\\\/#organization\",\"name\":\"Med In Breizh Conseil\",\"url\":\"https:\\\/\\\/www.medinbreizhconseil.fr\\\/\",\"logo\":{\"@type\":\"ImageObject\",\"inLanguage\":\"fr-FR\",\"@id\":\"https:\\\/\\\/www.medinbreizhconseil.fr\\\/#\\\/schema\\\/logo\\\/image\\\/\",\"url\":\"https:\\\/\\\/www.medinbreizhconseil.fr\\\/wp-content\\\/uploads\\\/2024\\\/10\\\/cropped-Sans-titre-Logo-2.png\",\"contentUrl\":\"https:\\\/\\\/www.medinbreizhconseil.fr\\\/wp-content\\\/uploads\\\/2024\\\/10\\\/cropped-Sans-titre-Logo-2.png\",\"width\":303,\"height\":143,\"caption\":\"Med In Breizh Conseil\"},\"image\":{\"@id\":\"https:\\\/\\\/www.medinbreizhconseil.fr\\\/#\\\/schema\\\/logo\\\/image\\\/\"}}]}<\/script>\n<!-- \/ Yoast SEO plugin. -->","yoast_head_json":{"title":"Questionnaire - Med in Breizh conseil","description":"Soumettez votre projet de dispositif m\u00e9dical pour une \u00e9valuation personnalis\u00e9e. Remplissez notre questionnaire en ligne pour recevoir des conseils d\u2019experts sur le d\u00e9veloppement et la certification de votre dispositif m\u00e9dical.","robots":{"index":"index","follow":"follow","max-snippet":"max-snippet:-1","max-image-preview":"max-image-preview:large","max-video-preview":"max-video-preview:-1"},"canonical":"https:\/\/www.medinbreizhconseil.fr\/index.php\/questionnaire\/","og_locale":"fr_FR","og_type":"article","og_title":"Questionnaire - Med in Breizh conseil","og_description":"Soumettez votre projet de dispositif m\u00e9dical pour une \u00e9valuation personnalis\u00e9e. Remplissez notre questionnaire en ligne pour recevoir des conseils d\u2019experts sur le d\u00e9veloppement et la certification de votre dispositif m\u00e9dical.","og_url":"https:\/\/www.medinbreizhconseil.fr\/index.php\/questionnaire\/","og_site_name":"Med in Breizh conseil","article_modified_time":"2024-10-14T12:03:49+00:00","og_image":[{"width":512,"height":512,"url":"https:\/\/www.medinbreizhconseil.fr\/wp-content\/uploads\/2024\/10\/cropped-AMPOULE-BLEU-scaled-1.jpg","type":"image\/jpeg"}],"twitter_card":"summary_large_image","twitter_misc":{"Dur\u00e9e de lecture estim\u00e9e":"1 minute"},"schema":{"@context":"https:\/\/schema.org","@graph":[{"@type":"WebPage","@id":"https:\/\/www.medinbreizhconseil.fr\/index.php\/questionnaire\/","url":"https:\/\/www.medinbreizhconseil.fr\/index.php\/questionnaire\/","name":"Questionnaire - Med in Breizh conseil","isPartOf":{"@id":"https:\/\/www.medinbreizhconseil.fr\/#website"},"datePublished":"2024-10-11T13:11:01+00:00","dateModified":"2024-10-14T12:03:49+00:00","description":"Soumettez votre projet de dispositif m\u00e9dical pour une \u00e9valuation personnalis\u00e9e. Remplissez notre questionnaire en ligne pour recevoir des conseils d\u2019experts sur le d\u00e9veloppement et la certification de votre dispositif m\u00e9dical.","breadcrumb":{"@id":"https:\/\/www.medinbreizhconseil.fr\/index.php\/questionnaire\/#breadcrumb"},"inLanguage":"fr-FR","potentialAction":[{"@type":"ReadAction","target":["https:\/\/www.medinbreizhconseil.fr\/index.php\/questionnaire\/"]}]},{"@type":"BreadcrumbList","@id":"https:\/\/www.medinbreizhconseil.fr\/index.php\/questionnaire\/#breadcrumb","itemListElement":[{"@type":"ListItem","position":1,"name":"Accueil","item":"https:\/\/www.medinbreizhconseil.fr\/"},{"@type":"ListItem","position":2,"name":"Questionnaire"}]},{"@type":"WebSite","@id":"https:\/\/www.medinbreizhconseil.fr\/#website","url":"https:\/\/www.medinbreizhconseil.fr\/","name":"Med In Breizh Conseil","description":"Boostez votre Innovation M\u00e9dicale avec Med In Breizh Conseil","publisher":{"@id":"https:\/\/www.medinbreizhconseil.fr\/#organization"},"alternateName":"Med In Breizh Conseil","potentialAction":[{"@type":"SearchAction","target":{"@type":"EntryPoint","urlTemplate":"https:\/\/www.medinbreizhconseil.fr\/?s={search_term_string}"},"query-input":{"@type":"PropertyValueSpecification","valueRequired":true,"valueName":"search_term_string"}}],"inLanguage":"fr-FR"},{"@type":"Organization","@id":"https:\/\/www.medinbreizhconseil.fr\/#organization","name":"Med In Breizh Conseil","url":"https:\/\/www.medinbreizhconseil.fr\/","logo":{"@type":"ImageObject","inLanguage":"fr-FR","@id":"https:\/\/www.medinbreizhconseil.fr\/#\/schema\/logo\/image\/","url":"https:\/\/www.medinbreizhconseil.fr\/wp-content\/uploads\/2024\/10\/cropped-Sans-titre-Logo-2.png","contentUrl":"https:\/\/www.medinbreizhconseil.fr\/wp-content\/uploads\/2024\/10\/cropped-Sans-titre-Logo-2.png","width":303,"height":143,"caption":"Med In Breizh Conseil"},"image":{"@id":"https:\/\/www.medinbreizhconseil.fr\/#\/schema\/logo\/image\/"}}]}},"_links":{"self":[{"href":"https:\/\/www.medinbreizhconseil.fr\/index.php\/wp-json\/wp\/v2\/pages\/155","targetHints":{"allow":["GET"]}}],"collection":[{"href":"https:\/\/www.medinbreizhconseil.fr\/index.php\/wp-json\/wp\/v2\/pages"}],"about":[{"href":"https:\/\/www.medinbreizhconseil.fr\/index.php\/wp-json\/wp\/v2\/types\/page"}],"author":[{"embeddable":true,"href":"https:\/\/www.medinbreizhconseil.fr\/index.php\/wp-json\/wp\/v2\/users\/1"}],"replies":[{"embeddable":true,"href":"https:\/\/www.medinbreizhconseil.fr\/index.php\/wp-json\/wp\/v2\/comments?post=155"}],"version-history":[{"count":6,"href":"https:\/\/www.medinbreizhconseil.fr\/index.php\/wp-json\/wp\/v2\/pages\/155\/revisions"}],"predecessor-version":[{"id":272,"href":"https:\/\/www.medinbreizhconseil.fr\/index.php\/wp-json\/wp\/v2\/pages\/155\/revisions\/272"}],"wp:attachment":[{"href":"https:\/\/www.medinbreizhconseil.fr\/index.php\/wp-json\/wp\/v2\/media?parent=155"}],"curies":[{"name":"wp","href":"https:\/\/api.w.org\/{rel}","templated":true}]}}